{"id":244,"date":"2013-07-30T10:25:35","date_gmt":"2013-07-30T04:25:35","guid":{"rendered":"http:\/\/www.cupropk.com\/elektro\/product\/vystraha-zivotu-nebezpecno-dotykat-se-elektrickeho-zarizeni-3\/"},"modified":"2023-03-06T16:33:31","modified_gmt":"2023-03-06T15:33:31","slug":"vystraha-zivotu-nebezpecno-dotykat-se-elektrickeho-zarizeni-3","status":"publish","type":"product","link":"https:\/\/www.cupropk.com\/elektro\/produkt\/vystraha-zivotu-nebezpecno-dotykat-se-elektrickeho-zarizeni-3\/","title":{"rendered":"V\u00ddSTRAHA \u017dIVOTU NEBEZPE\u010cNO DOT\u00ddKAT SE ELEKTRICK\u00c9HO ZA\u0158\u00cdZEN\u00cd !"},"content":{"rendered":"<p><strong>Samolepic\u00ed etiketa &#8222;V\u00ddSTRAHA \u017dIVOTU NEBEZPE\u010cNO DOT\u00ddKAT SE ELEKTRICK\u00c9HO ZA\u0158\u00cdZEN\u00cd !&#8220;.<\/strong><\/p>\n<p><strong>Etiketa je vyti\u0161t\u011bna technologi\u00ed s\u00edtotisku, kter\u00e1 zaru\u010duje produktu maxim\u00e1ln\u00ed trvanlivost (interi\u00e9r, exteri\u00e9r) a barevnou st\u00e1lost.<\/strong><\/p>\n","protected":false},"excerpt":{"rendered":"<p><span style=\"font-size: 12pt; color: #0000ff;\"><strong>SAMOLEPIC\u00cd ETIKETA<\/strong><\/span><\/p>\n<p><span><strong><span style=\"font-size: 12pt; color: #0000ff;\"><strong>2 0112<\/strong><\/span><br \/><\/strong><\/span><\/p>\n","protected":false},"featured_media":243,"template":"","meta":[],"product_brand":[],"product_cat":[37,24],"product_tag":[182,181],"class_list":{"0":"post-244","1":"product","2":"type-product","3":"status-publish","4":"has-post-thumbnail","6":"product_cat-stojate-samolep","7":"product_cat-vystrazne","8":"product_tag-2-0112","9":"product_tag-181","10":"pa_rozmeryetiketstojate-18-105x74mm","11":"pa_rozmeryetiketstojate-57-148x105mm","13":"first","14":"instock","15":"taxable","16":"shipping-taxable","17":"purchasable","18":"product-type-variable","19":"has-default-attributes"},"_links":{"self":[{"href":"https:\/\/www.cupropk.com\/elektro\/wp-json\/wp\/v2\/product\/244","targetHints":{"allow":["GET"]}}],"collection":[{"href":"https:\/\/www.cupropk.com\/elektro\/wp-json\/wp\/v2\/product"}],"about":[{"href":"https:\/\/www.cupropk.com\/elektro\/wp-json\/wp\/v2\/types\/product"}],"wp:featuredmedia":[{"embeddable":true,"href":"https:\/\/www.cupropk.com\/elektro\/wp-json\/wp\/v2\/media\/243"}],"wp:attachment":[{"href":"https:\/\/www.cupropk.com\/elektro\/wp-json\/wp\/v2\/media?parent=244"}],"wp:term":[{"taxonomy":"product_brand","embeddable":true,"href":"https:\/\/www.cupropk.com\/elektro\/wp-json\/wp\/v2\/product_brand?post=244"},{"taxonomy":"product_cat","embeddable":true,"href":"https:\/\/www.cupropk.com\/elektro\/wp-json\/wp\/v2\/product_cat?post=244"},{"taxonomy":"product_tag","embeddable":true,"href":"https:\/\/www.cupropk.com\/elektro\/wp-json\/wp\/v2\/product_tag?post=244"}],"curies":[{"name":"wp","href":"https:\/\/api.w.org\/{rel}","templated":true}]}}