{"id":266,"date":"2013-07-30T10:26:50","date_gmt":"2013-07-30T04:26:50","guid":{"rendered":"http:\/\/www.cupropk.com\/elektro\/product\/pozor-pod-napetim-i-pri-vypnutem-hlavnim-vypinaci-3\/"},"modified":"2023-08-22T12:45:15","modified_gmt":"2023-08-22T11:45:15","slug":"pozor-pod-napetim-i-pri-vypnutem-hlavnim-vypinaci-3","status":"publish","type":"product","link":"https:\/\/www.cupropk.com\/elektro\/produkt\/pozor-pod-napetim-i-pri-vypnutem-hlavnim-vypinaci-3\/","title":{"rendered":"POZOR POD NAP\u011aT\u00cdM I P\u0158I VYPNUT\u00c9M HLAVN\u00cdM VYP\u00cdNA\u010cI !"},"content":{"rendered":"<p><strong>Samolepic\u00ed etiketa &#8222;POZOR POD NAP\u011aT\u00cdM I P\u0158I VYPNUT\u00c9M HLAVN\u00cdM VYP\u00cdNA\u010cI !&#8220;.<\/strong><\/p>\n<p><strong>Etiketa je vyti\u0161t\u011bna technologi\u00ed s\u00edtotisku, kter\u00e1 zaru\u010duje produktu maxim\u00e1ln\u00ed trvanlivost (interi\u00e9r, exteri\u00e9r) a barevnou st\u00e1lost.<\/strong><\/p>\n","protected":false},"excerpt":{"rendered":"<p><span style=\"font-size: 12pt; color: #0000ff;\"><strong>SAMOLEPIC\u00cd ETIKETA<\/strong><\/span><\/p>\n<p><span><strong><span style=\"font-size: 12pt; color: #0000ff;\"><strong>2 0122<\/strong><\/span><br \/><\/strong><\/span><\/p>\n","protected":false},"featured_media":265,"template":"","meta":[],"product_brand":[],"product_cat":[37,24],"product_tag":[190,189],"class_list":{"0":"post-266","1":"product","2":"type-product","3":"status-publish","4":"has-post-thumbnail","6":"product_cat-stojate-samolep","7":"product_cat-vystrazne","8":"product_tag-2-0122","9":"product_tag-189","10":"pa_rozmeryetiketstojate-18-105x74mm","11":"pa_rozmeryetiketstojate-57-148x105mm","12":"pa_rozmeryetiketstojate-d3-74x52mm","14":"first","15":"instock","16":"taxable","17":"shipping-taxable","18":"purchasable","19":"product-type-variable","20":"has-default-attributes"},"_links":{"self":[{"href":"https:\/\/www.cupropk.com\/elektro\/wp-json\/wp\/v2\/product\/266","targetHints":{"allow":["GET"]}}],"collection":[{"href":"https:\/\/www.cupropk.com\/elektro\/wp-json\/wp\/v2\/product"}],"about":[{"href":"https:\/\/www.cupropk.com\/elektro\/wp-json\/wp\/v2\/types\/product"}],"wp:featuredmedia":[{"embeddable":true,"href":"https:\/\/www.cupropk.com\/elektro\/wp-json\/wp\/v2\/media\/265"}],"wp:attachment":[{"href":"https:\/\/www.cupropk.com\/elektro\/wp-json\/wp\/v2\/media?parent=266"}],"wp:term":[{"taxonomy":"product_brand","embeddable":true,"href":"https:\/\/www.cupropk.com\/elektro\/wp-json\/wp\/v2\/product_brand?post=266"},{"taxonomy":"product_cat","embeddable":true,"href":"https:\/\/www.cupropk.com\/elektro\/wp-json\/wp\/v2\/product_cat?post=266"},{"taxonomy":"product_tag","embeddable":true,"href":"https:\/\/www.cupropk.com\/elektro\/wp-json\/wp\/v2\/product_tag?post=266"}],"curies":[{"name":"wp","href":"https:\/\/api.w.org\/{rel}","templated":true}]}}