{"id":284,"date":"2013-07-30T10:27:36","date_gmt":"2013-07-30T04:27:36","guid":{"rendered":"http:\/\/www.cupropk.com\/elektro\/product\/pozor-zbytkovy-naboj-2\/"},"modified":"2025-10-14T10:19:01","modified_gmt":"2025-10-14T09:19:01","slug":"pozor-zbytkovy-naboj-2","status":"publish","type":"product","link":"https:\/\/www.cupropk.com\/elektro\/produkt\/pozor-zbytkovy-naboj-2\/","title":{"rendered":"POZOR ZBYTKOV\u00dd N\u00c1BOJ"},"content":{"rendered":"<p><strong>Samolepic\u00ed etiketa &#8222;POZOR ZBYTKOV\u00dd N\u00c1BOJ&#8220;.<\/strong><\/p>\n<p><strong>Etiketa je vyti\u0161t\u011bna technologi\u00ed s\u00edtotisku, kter\u00e1 zaru\u010duje produktu maxim\u00e1ln\u00ed trvanlivost (interi\u00e9r, exteri\u00e9r) a barevnou st\u00e1lost.<\/strong><\/p>\n","protected":false},"excerpt":{"rendered":"<p><span style=\"font-size: 12pt; color: #0000ff;\"><strong>SAMOLEPIC\u00cd ETIKETA<\/strong><\/span><\/p>\n<p><span><strong><span style=\"font-size: 12pt; color: #0000ff;\"><strong>2 0129<\/strong><\/span><br \/><\/strong><\/span><\/p>\n","protected":false},"featured_media":283,"template":"","meta":[],"product_brand":[],"product_cat":[37,24],"product_tag":[198,197],"class_list":{"0":"post-284","1":"product","2":"type-product","3":"status-publish","4":"has-post-thumbnail","6":"product_cat-stojate-samolep","7":"product_cat-vystrazne","8":"product_tag-2-0129","9":"product_tag-197","10":"pa_rozmeryetiketstojate-57-148x105mm","11":"pa_rozmeryetiketstojate-d3-74x52mm","13":"first","14":"instock","15":"taxable","16":"shipping-taxable","17":"purchasable","18":"product-type-variable","19":"has-default-attributes"},"_links":{"self":[{"href":"https:\/\/www.cupropk.com\/elektro\/wp-json\/wp\/v2\/product\/284","targetHints":{"allow":["GET"]}}],"collection":[{"href":"https:\/\/www.cupropk.com\/elektro\/wp-json\/wp\/v2\/product"}],"about":[{"href":"https:\/\/www.cupropk.com\/elektro\/wp-json\/wp\/v2\/types\/product"}],"wp:featuredmedia":[{"embeddable":true,"href":"https:\/\/www.cupropk.com\/elektro\/wp-json\/wp\/v2\/media\/283"}],"wp:attachment":[{"href":"https:\/\/www.cupropk.com\/elektro\/wp-json\/wp\/v2\/media?parent=284"}],"wp:term":[{"taxonomy":"product_brand","embeddable":true,"href":"https:\/\/www.cupropk.com\/elektro\/wp-json\/wp\/v2\/product_brand?post=284"},{"taxonomy":"product_cat","embeddable":true,"href":"https:\/\/www.cupropk.com\/elektro\/wp-json\/wp\/v2\/product_cat?post=284"},{"taxonomy":"product_tag","embeddable":true,"href":"https:\/\/www.cupropk.com\/elektro\/wp-json\/wp\/v2\/product_tag?post=284"}],"curies":[{"name":"wp","href":"https:\/\/api.w.org\/{rel}","templated":true}]}}