{"id":298,"date":"2013-07-30T10:28:18","date_gmt":"2013-07-30T04:28:18","guid":{"rendered":"http:\/\/www.cupropk.com\/elektro\/product\/pozor-nebezpeci-urazu-indukovanym-napetim-2\/"},"modified":"2023-03-06T16:32:50","modified_gmt":"2023-03-06T15:32:50","slug":"pozor-nebezpeci-urazu-indukovanym-napetim-2","status":"publish","type":"product","link":"https:\/\/www.cupropk.com\/elektro\/produkt\/pozor-nebezpeci-urazu-indukovanym-napetim-2\/","title":{"rendered":"POZOR NEBEZPE\u010c\u00cd \u00daRAZU INDUKOVAN\u00ddM NAP\u011aT\u00cdM"},"content":{"rendered":"<p><strong>Samolepic\u00ed etiketa &#8222;POZOR NEBEZPE\u010c\u00cd \u00daRAZU INDUKOVAN\u00ddM NAP\u011aT\u00cdM&#8220;.<\/strong><\/p>\n<p><strong>Etiketa je vyti\u0161t\u011bna technologi\u00ed s\u00edtotisku, kter\u00e1 zaru\u010duje produktu maxim\u00e1ln\u00ed trvanlivost (interi\u00e9r, exteri\u00e9r) a barevnou st\u00e1lost.<\/strong><\/p>\n","protected":false},"excerpt":{"rendered":"<p><span style=\"font-size: 12pt; color: #0000ff;\"><strong>SAMOLEPIC\u00cd ETIKETA<\/strong><\/span><\/p>\n<p><span><strong><span style=\"font-size: 12pt; color: #0000ff;\"><strong>2 0141<\/strong><\/span><br \/><\/strong><\/span><\/p>\n","protected":false},"featured_media":297,"template":"","meta":[],"product_brand":[],"product_cat":[37,24],"product_tag":[206,205],"class_list":{"0":"post-298","1":"product","2":"type-product","3":"status-publish","4":"has-post-thumbnail","6":"product_cat-stojate-samolep","7":"product_cat-vystrazne","8":"product_tag-2-0141","9":"product_tag-205","10":"pa_rozmeryetiketstojate-d3-74x52mm","12":"first","13":"instock","14":"taxable","15":"shipping-taxable","16":"purchasable","17":"product-type-variable","18":"has-default-attributes"},"_links":{"self":[{"href":"https:\/\/www.cupropk.com\/elektro\/wp-json\/wp\/v2\/product\/298","targetHints":{"allow":["GET"]}}],"collection":[{"href":"https:\/\/www.cupropk.com\/elektro\/wp-json\/wp\/v2\/product"}],"about":[{"href":"https:\/\/www.cupropk.com\/elektro\/wp-json\/wp\/v2\/types\/product"}],"wp:featuredmedia":[{"embeddable":true,"href":"https:\/\/www.cupropk.com\/elektro\/wp-json\/wp\/v2\/media\/297"}],"wp:attachment":[{"href":"https:\/\/www.cupropk.com\/elektro\/wp-json\/wp\/v2\/media?parent=298"}],"wp:term":[{"taxonomy":"product_brand","embeddable":true,"href":"https:\/\/www.cupropk.com\/elektro\/wp-json\/wp\/v2\/product_brand?post=298"},{"taxonomy":"product_cat","embeddable":true,"href":"https:\/\/www.cupropk.com\/elektro\/wp-json\/wp\/v2\/product_cat?post=298"},{"taxonomy":"product_tag","embeddable":true,"href":"https:\/\/www.cupropk.com\/elektro\/wp-json\/wp\/v2\/product_tag?post=298"}],"curies":[{"name":"wp","href":"https:\/\/api.w.org\/{rel}","templated":true}]}}