{"id":301,"date":"2013-07-30T10:28:29","date_gmt":"2013-07-30T04:28:29","guid":{"rendered":"http:\/\/www.cupropk.com\/elektro\/product\/vystraha-zivotu-nebezpecno-pouzivat-elektrickych-spotrebicu-ve-vane-i-sahat-na-ne-vany-2\/"},"modified":"2023-03-06T16:32:50","modified_gmt":"2023-03-06T15:32:50","slug":"vystraha-zivotu-nebezpecno-pouzivat-elektrickych-spotrebicu-ve-vane-i-sahat-na-ne-vany-2","status":"publish","type":"product","link":"https:\/\/www.cupropk.com\/elektro\/produkt\/vystraha-zivotu-nebezpecno-pouzivat-elektrickych-spotrebicu-ve-vane-i-sahat-na-ne-vany-2\/","title":{"rendered":"V\u00ddSTRAHA \u017dIVOTU NEBEZPE\u010cNO POU\u017d\u00cdVAT ELEKTRICK\u00ddCH SPOT\u0158EBI\u010c\u016e VE VAN\u011a I SAHAT NA N\u011a VANY!"},"content":{"rendered":"<p><strong>Samolepic\u00ed etiketa &#8222;V\u00ddSTRAHA \u017dIVOTU NEBEZPE\u010cNO POU\u017d\u00cdVAT ELEKTRICK\u00ddCH SPOT\u0158EBI\u010c\u016e VE VAN\u011a I SAHAT NA N\u011a VANY!&#8220;.<\/strong><\/p>\n<p><strong>Etiketa je vyti\u0161t\u011bna technologi\u00ed s\u00edtotisku, kter\u00e1 zaru\u010duje produktu maxim\u00e1ln\u00ed trvanlivost (interi\u00e9r, exteri\u00e9r) a barevnou st\u00e1lost.<\/strong><\/p>\n","protected":false},"excerpt":{"rendered":"<p><span style=\"font-size: 12pt; color: #0000ff;\"><strong>SAMOLEPIC\u00cd ETIKETA<\/strong><\/span><\/p>\n<p><span><strong><span style=\"font-size: 12pt; color: #0000ff;\"><strong>2 0146<\/strong><\/span><br \/><\/strong><\/span><\/p>\n","protected":false},"featured_media":300,"template":"","meta":[],"product_brand":[],"product_cat":[37,24],"product_tag":[208,207],"class_list":{"0":"post-301","1":"product","2":"type-product","3":"status-publish","4":"has-post-thumbnail","6":"product_cat-stojate-samolep","7":"product_cat-vystrazne","8":"product_tag-2-0146","9":"product_tag-207","10":"pa_rozmeryetiketstojate-d3-74x52mm","12":"first","13":"instock","14":"taxable","15":"shipping-taxable","16":"purchasable","17":"product-type-variable","18":"has-default-attributes"},"_links":{"self":[{"href":"https:\/\/www.cupropk.com\/elektro\/wp-json\/wp\/v2\/product\/301","targetHints":{"allow":["GET"]}}],"collection":[{"href":"https:\/\/www.cupropk.com\/elektro\/wp-json\/wp\/v2\/product"}],"about":[{"href":"https:\/\/www.cupropk.com\/elektro\/wp-json\/wp\/v2\/types\/product"}],"wp:featuredmedia":[{"embeddable":true,"href":"https:\/\/www.cupropk.com\/elektro\/wp-json\/wp\/v2\/media\/300"}],"wp:attachment":[{"href":"https:\/\/www.cupropk.com\/elektro\/wp-json\/wp\/v2\/media?parent=301"}],"wp:term":[{"taxonomy":"product_brand","embeddable":true,"href":"https:\/\/www.cupropk.com\/elektro\/wp-json\/wp\/v2\/product_brand?post=301"},{"taxonomy":"product_cat","embeddable":true,"href":"https:\/\/www.cupropk.com\/elektro\/wp-json\/wp\/v2\/product_cat?post=301"},{"taxonomy":"product_tag","embeddable":true,"href":"https:\/\/www.cupropk.com\/elektro\/wp-json\/wp\/v2\/product_tag?post=301"}],"curies":[{"name":"wp","href":"https:\/\/api.w.org\/{rel}","templated":true}]}}