{"id":327,"date":"2013-07-30T15:22:24","date_gmt":"2013-07-30T09:22:24","guid":{"rendered":"http:\/\/www.cupropk.com\/elektro\/product\/nezapinej-na-zarizeni-se-pracuje\/"},"modified":"2023-03-06T16:32:21","modified_gmt":"2023-03-06T15:32:21","slug":"nezapinej-na-zarizeni-se-pracuje","status":"publish","type":"product","link":"https:\/\/www.cupropk.com\/elektro\/produkt\/nezapinej-na-zarizeni-se-pracuje\/","title":{"rendered":"NEZAP\u00cdNEJ! NA ZA\u0158\u00cdZEN\u00cd SE PRACUJE"},"content":{"rendered":"<p><strong>Plastov\u00e1 tabulka &#8222;NEZAP\u00cdNEJ! NA ZA\u0158\u00cdZEN\u00cd SE PRACUJE&#8220;.<\/strong><\/p>\n<p><strong>Tabulka je vyti\u0161t\u011bna technologi\u00ed s\u00edtotisku, kter\u00e1 zaru\u010duje produktu maxim\u00e1ln\u00ed trvanlivost (interi\u00e9r, exteri\u00e9r) a barevnou st\u00e1lost, <span style=\"color: #3366ff;\">na p\u0159\u00e1n\u00ed m\u016f\u017eeme dodat plastovou tabulku opat\u0159enou samolepic\u00ed vrstvou ze zadn\u00ed strany.<\/span><br \/><\/strong><\/p>\n","protected":false},"excerpt":{"rendered":"<p><span style=\"font-size: 12pt; color: #0000ff;\"><strong>PLASTOV\u00c1 TABULKA<\/strong><\/span><\/p>\n<p><span style=\"font-size: 12pt; color: #0000ff;\"><strong>4103<br \/><\/strong><\/span><\/p>\n","protected":false},"featured_media":326,"template":"","meta":[],"product_brand":[],"product_cat":[33,19],"product_tag":[212],"class_list":{"0":"post-327","1":"product","2":"type-product","3":"status-publish","4":"has-post-thumbnail","6":"product_cat-zakazove-plastove-tabulky","7":"product_cat-zakazove","8":"product_tag-212","9":"pa_plastovatabulka-c7-74x210mm","11":"first","12":"instock","13":"taxable","14":"shipping-taxable","15":"purchasable","16":"product-type-variable","17":"has-default-attributes"},"_links":{"self":[{"href":"https:\/\/www.cupropk.com\/elektro\/wp-json\/wp\/v2\/product\/327","targetHints":{"allow":["GET"]}}],"collection":[{"href":"https:\/\/www.cupropk.com\/elektro\/wp-json\/wp\/v2\/product"}],"about":[{"href":"https:\/\/www.cupropk.com\/elektro\/wp-json\/wp\/v2\/types\/product"}],"wp:featuredmedia":[{"embeddable":true,"href":"https:\/\/www.cupropk.com\/elektro\/wp-json\/wp\/v2\/media\/326"}],"wp:attachment":[{"href":"https:\/\/www.cupropk.com\/elektro\/wp-json\/wp\/v2\/media?parent=327"}],"wp:term":[{"taxonomy":"product_brand","embeddable":true,"href":"https:\/\/www.cupropk.com\/elektro\/wp-json\/wp\/v2\/product_brand?post=327"},{"taxonomy":"product_cat","embeddable":true,"href":"https:\/\/www.cupropk.com\/elektro\/wp-json\/wp\/v2\/product_cat?post=327"},{"taxonomy":"product_tag","embeddable":true,"href":"https:\/\/www.cupropk.com\/elektro\/wp-json\/wp\/v2\/product_tag?post=327"}],"curies":[{"name":"wp","href":"https:\/\/api.w.org\/{rel}","templated":true}]}}