{"id":395,"date":"2013-07-30T22:50:16","date_gmt":"2013-07-30T16:50:16","guid":{"rendered":"http:\/\/www.cupropk.com\/elektro\/product\/zakaz-koureni-2\/"},"modified":"2023-03-06T16:31:18","modified_gmt":"2023-03-06T15:31:18","slug":"zakaz-koureni-2","status":"publish","type":"product","link":"https:\/\/www.cupropk.com\/elektro\/produkt\/zakaz-koureni-2\/","title":{"rendered":"Z\u00c1KAZ KOU\u0158EN\u00cd !"},"content":{"rendered":"<p><strong>Samolepic\u00ed etiketa &#8222;Z\u00c1KAZ KOU\u0158EN\u00cd !&#8220;.<\/strong><\/p>\n<p><strong>Etiketa je vyti\u0161t\u011bna technologi\u00ed s\u00edtotisku, kter\u00e1 zaru\u010duje produktu maxim\u00e1ln\u00ed trvanlivost (interi\u00e9r, exteri\u00e9r) a barevnou st\u00e1lost.<\/strong><\/p>\n","protected":false},"excerpt":{"rendered":"<p><span style=\"font-size: 12pt; color: #0000ff;\"><strong>SAMOLEPIC\u00cd ETIKETA<\/strong><\/span><\/p>\n<p><span><strong><span style=\"font-size: 12pt; color: #0000ff;\"><strong>2 4202<\/strong><\/span><br \/><\/strong><\/span><\/p>\n","protected":false},"featured_media":394,"template":"","meta":[],"product_brand":[],"product_cat":[34,19],"product_tag":[229,230],"class_list":{"0":"post-395","1":"product","2":"type-product","3":"status-publish","4":"has-post-thumbnail","6":"product_cat-zakazove-stojate-samolep","7":"product_cat-zakazove","8":"product_tag-2-4202","9":"product_tag-230","10":"pa_rozmeryetiketstojate-57-148x105mm","12":"first","13":"instock","14":"taxable","15":"shipping-taxable","16":"purchasable","17":"product-type-variable","18":"has-default-attributes"},"_links":{"self":[{"href":"https:\/\/www.cupropk.com\/elektro\/wp-json\/wp\/v2\/product\/395","targetHints":{"allow":["GET"]}}],"collection":[{"href":"https:\/\/www.cupropk.com\/elektro\/wp-json\/wp\/v2\/product"}],"about":[{"href":"https:\/\/www.cupropk.com\/elektro\/wp-json\/wp\/v2\/types\/product"}],"wp:featuredmedia":[{"embeddable":true,"href":"https:\/\/www.cupropk.com\/elektro\/wp-json\/wp\/v2\/media\/394"}],"wp:attachment":[{"href":"https:\/\/www.cupropk.com\/elektro\/wp-json\/wp\/v2\/media?parent=395"}],"wp:term":[{"taxonomy":"product_brand","embeddable":true,"href":"https:\/\/www.cupropk.com\/elektro\/wp-json\/wp\/v2\/product_brand?post=395"},{"taxonomy":"product_cat","embeddable":true,"href":"https:\/\/www.cupropk.com\/elektro\/wp-json\/wp\/v2\/product_cat?post=395"},{"taxonomy":"product_tag","embeddable":true,"href":"https:\/\/www.cupropk.com\/elektro\/wp-json\/wp\/v2\/product_tag?post=395"}],"curies":[{"name":"wp","href":"https:\/\/api.w.org\/{rel}","templated":true}]}}