{"id":407,"date":"2013-07-30T22:58:44","date_gmt":"2013-07-30T16:58:44","guid":{"rendered":"http:\/\/www.cupropk.com\/elektro\/product\/nehas-vodou-ani-penovymi-pristroji-4\/"},"modified":"2025-02-06T11:10:27","modified_gmt":"2025-02-06T10:10:27","slug":"nehas-vodou-ani-penovymi-pristroji-4","status":"publish","type":"product","link":"https:\/\/www.cupropk.com\/elektro\/produkt\/nehas-vodou-ani-penovymi-pristroji-4\/","title":{"rendered":"NEHAS VODOU ANI P\u011aNOV\u00ddMI P\u0158\u00cdSTROJI"},"content":{"rendered":"<p><strong>Plastov\u00e1 tabulka &#8222;NEHAS VODOU ANI P\u011aNOV\u00ddMI P\u0158\u00cdSTROJI&#8220;.<\/strong><\/p>\n<p><strong>Tabulka je vyti\u0161t\u011bna technologi\u00ed s\u00edtotisku, kter\u00e1 zaru\u010duje produktu maxim\u00e1ln\u00ed trvanlivost (interi\u00e9r, exteri\u00e9r) a barevnou st\u00e1lost, <span style=\"color: #3366ff;\">na p\u0159\u00e1n\u00ed m\u016f\u017eeme dodat plastovou tabulku opat\u0159enou samolepic\u00ed vrstvou ze zadn\u00ed strany.<\/span><br \/>\n<\/strong><\/p>\n","protected":false},"excerpt":{"rendered":"<p><span style=\"font-size: 12pt; color: #0000ff;\"><strong>PLASTOV\u00c1 TABULKA<\/strong><\/span><\/p>\n<p><span style=\"font-size: 12pt; color: #0000ff;\"><strong>2 4301<br \/>\n<\/strong><\/span><\/p>\n","protected":false},"featured_media":406,"template":"","meta":[],"product_brand":[],"product_cat":[33,19],"product_tag":[231,232],"class_list":{"0":"post-407","1":"product","2":"type-product","3":"status-publish","4":"has-post-thumbnail","6":"product_cat-zakazove-plastove-tabulky","7":"product_cat-zakazove","8":"product_tag-2-4301","9":"product_tag-232","10":"pa_plastovatabulka-45-210x148mm","11":"pa_plastovatabulka-96-297x210mm","13":"first","14":"instock","15":"taxable","16":"shipping-taxable","17":"purchasable","18":"product-type-variable","19":"has-default-attributes"},"_links":{"self":[{"href":"https:\/\/www.cupropk.com\/elektro\/wp-json\/wp\/v2\/product\/407","targetHints":{"allow":["GET"]}}],"collection":[{"href":"https:\/\/www.cupropk.com\/elektro\/wp-json\/wp\/v2\/product"}],"about":[{"href":"https:\/\/www.cupropk.com\/elektro\/wp-json\/wp\/v2\/types\/product"}],"wp:featuredmedia":[{"embeddable":true,"href":"https:\/\/www.cupropk.com\/elektro\/wp-json\/wp\/v2\/media\/406"}],"wp:attachment":[{"href":"https:\/\/www.cupropk.com\/elektro\/wp-json\/wp\/v2\/media?parent=407"}],"wp:term":[{"taxonomy":"product_brand","embeddable":true,"href":"https:\/\/www.cupropk.com\/elektro\/wp-json\/wp\/v2\/product_brand?post=407"},{"taxonomy":"product_cat","embeddable":true,"href":"https:\/\/www.cupropk.com\/elektro\/wp-json\/wp\/v2\/product_cat?post=407"},{"taxonomy":"product_tag","embeddable":true,"href":"https:\/\/www.cupropk.com\/elektro\/wp-json\/wp\/v2\/product_tag?post=407"}],"curies":[{"name":"wp","href":"https:\/\/api.w.org\/{rel}","templated":true}]}}