{"id":414,"date":"2013-07-30T22:59:24","date_gmt":"2013-07-30T16:59:24","guid":{"rendered":"http:\/\/www.cupropk.com\/elektro\/product\/vstup-zakazan-3\/"},"modified":"2023-03-06T16:31:05","modified_gmt":"2023-03-06T15:31:05","slug":"vstup-zakazan-3","status":"publish","type":"product","link":"https:\/\/www.cupropk.com\/elektro\/produkt\/vstup-zakazan-3\/","title":{"rendered":"VSTUP ZAK\u00c1Z\u00c1N"},"content":{"rendered":"<p><strong>Plastov\u00e1 tabulka &#8222;VSTUP ZAK\u00c1Z\u00c1N&#8220;.<\/strong><\/p>\n<p><strong>Tabulka je vyti\u0161t\u011bna technologi\u00ed s\u00edtotisku, kter\u00e1 zaru\u010duje produktu maxim\u00e1ln\u00ed trvanlivost (interi\u00e9r, exteri\u00e9r) a barevnou st\u00e1lost, <span style=\"color: #3366ff;\">na p\u0159\u00e1n\u00ed m\u016f\u017eeme dodat plastovou tabulku opat\u0159enou samolepic\u00ed vrstvou ze zadn\u00ed strany.<\/span><br \/><\/strong><\/p>\n","protected":false},"excerpt":{"rendered":"<p><span style=\"font-size: 12pt; color: #0000ff;\"><strong>PLASTOV\u00c1 TABULKA<\/strong><\/span><\/p>\n<p><span style=\"font-size: 12pt; color: #0000ff;\"><strong>2 5301<br \/><\/strong><\/span><\/p>\n","protected":false},"featured_media":413,"template":"","meta":[],"product_brand":[],"product_cat":[33,19],"product_tag":[233,234],"class_list":{"0":"post-414","1":"product","2":"type-product","3":"status-publish","4":"has-post-thumbnail","6":"product_cat-zakazove-plastove-tabulky","7":"product_cat-zakazove","8":"product_tag-2-5301","9":"product_tag-234","10":"pa_plastovatabulka-96-297x210mm","12":"first","13":"instock","14":"taxable","15":"shipping-taxable","16":"purchasable","17":"product-type-variable","18":"has-default-attributes"},"_links":{"self":[{"href":"https:\/\/www.cupropk.com\/elektro\/wp-json\/wp\/v2\/product\/414","targetHints":{"allow":["GET"]}}],"collection":[{"href":"https:\/\/www.cupropk.com\/elektro\/wp-json\/wp\/v2\/product"}],"about":[{"href":"https:\/\/www.cupropk.com\/elektro\/wp-json\/wp\/v2\/types\/product"}],"wp:featuredmedia":[{"embeddable":true,"href":"https:\/\/www.cupropk.com\/elektro\/wp-json\/wp\/v2\/media\/413"}],"wp:attachment":[{"href":"https:\/\/www.cupropk.com\/elektro\/wp-json\/wp\/v2\/media?parent=414"}],"wp:term":[{"taxonomy":"product_brand","embeddable":true,"href":"https:\/\/www.cupropk.com\/elektro\/wp-json\/wp\/v2\/product_brand?post=414"},{"taxonomy":"product_cat","embeddable":true,"href":"https:\/\/www.cupropk.com\/elektro\/wp-json\/wp\/v2\/product_cat?post=414"},{"taxonomy":"product_tag","embeddable":true,"href":"https:\/\/www.cupropk.com\/elektro\/wp-json\/wp\/v2\/product_tag?post=414"}],"curies":[{"name":"wp","href":"https:\/\/api.w.org\/{rel}","templated":true}]}}