{"id":437,"date":"2013-07-31T09:50:23","date_gmt":"2013-07-31T03:50:23","guid":{"rendered":"http:\/\/www.cupropk.com\/elektro\/product\/vypni-pred-zacatkem-prace\/"},"modified":"2023-03-06T16:30:44","modified_gmt":"2023-03-06T15:30:44","slug":"vypni-pred-zacatkem-prace","status":"publish","type":"product","link":"https:\/\/www.cupropk.com\/elektro\/produkt\/vypni-pred-zacatkem-prace\/","title":{"rendered":"VYPNI P\u0158ED ZA\u010c\u00c1TKEM PR\u00c1CE !"},"content":{"rendered":"<p><strong>Samolepic\u00ed etiketa &#8222;VYPNI P\u0158ED ZA\u010c\u00c1TKEM PR\u00c1CE !&#8220;.<\/strong><\/p>\n<p><strong>Etiketa je vyti\u0161t\u011bna technologi\u00ed s\u00edtotisku, kter\u00e1 zaru\u010duje produktu maxim\u00e1ln\u00ed trvanlivost (interi\u00e9r, exteri\u00e9r) a barevnou st\u00e1lost.<\/strong><\/p>\n","protected":false},"excerpt":{"rendered":"<p><span style=\"font-size: 12pt; color: #0000ff;\"><strong>SAMOLEPIC\u00cd ETIKETA<\/strong><\/span><\/p>\n<p><span><strong><span style=\"font-size: 12pt; color: #0000ff;\"><strong>2102<\/strong><\/span><br \/><\/strong><\/span><\/p>\n","protected":false},"featured_media":436,"template":"","meta":[],"product_brand":[],"product_cat":[32,20],"product_tag":[244],"class_list":{"0":"post-437","1":"product","2":"type-product","3":"status-publish","4":"has-post-thumbnail","6":"product_cat-prikazove-lezate-samolep","7":"product_cat-prikazove","8":"product_tag-244","9":"pa_rozmeryetiketlezate-44-26x74mm","10":"pa_rozmeryetiketlezate-10-37x105mm","11":"pa_rozmeryetiketlezate-19-52x148mm","13":"first","14":"instock","15":"taxable","16":"shipping-taxable","17":"purchasable","18":"product-type-variable","19":"has-default-attributes"},"_links":{"self":[{"href":"https:\/\/www.cupropk.com\/elektro\/wp-json\/wp\/v2\/product\/437","targetHints":{"allow":["GET"]}}],"collection":[{"href":"https:\/\/www.cupropk.com\/elektro\/wp-json\/wp\/v2\/product"}],"about":[{"href":"https:\/\/www.cupropk.com\/elektro\/wp-json\/wp\/v2\/types\/product"}],"wp:featuredmedia":[{"embeddable":true,"href":"https:\/\/www.cupropk.com\/elektro\/wp-json\/wp\/v2\/media\/436"}],"wp:attachment":[{"href":"https:\/\/www.cupropk.com\/elektro\/wp-json\/wp\/v2\/media?parent=437"}],"wp:term":[{"taxonomy":"product_brand","embeddable":true,"href":"https:\/\/www.cupropk.com\/elektro\/wp-json\/wp\/v2\/product_brand?post=437"},{"taxonomy":"product_cat","embeddable":true,"href":"https:\/\/www.cupropk.com\/elektro\/wp-json\/wp\/v2\/product_cat?post=437"},{"taxonomy":"product_tag","embeddable":true,"href":"https:\/\/www.cupropk.com\/elektro\/wp-json\/wp\/v2\/product_tag?post=437"}],"curies":[{"name":"wp","href":"https:\/\/api.w.org\/{rel}","templated":true}]}}