{"id":474,"date":"2013-07-31T09:51:23","date_gmt":"2013-07-31T03:51:23","guid":{"rendered":"http:\/\/www.cupropk.com\/elektro\/product\/pred-odchodem-vypni-proud\/"},"modified":"2023-03-06T16:30:02","modified_gmt":"2023-03-06T15:30:02","slug":"pred-odchodem-vypni-proud","status":"publish","type":"product","link":"https:\/\/www.cupropk.com\/elektro\/produkt\/pred-odchodem-vypni-proud\/","title":{"rendered":"P\u0158ED ODCHODEM VYPNI PROUD"},"content":{"rendered":"<p><strong>Samolepic\u00ed etiketa &#8222;P\u0158ED ODCHODEM VYPNI PROUD&#8220;.<\/strong><\/p>\n<p><strong>Etiketa je vyti\u0161t\u011bna technologi\u00ed s\u00edtotisku, kter\u00e1 zaru\u010duje produktu maxim\u00e1ln\u00ed trvanlivost (interi\u00e9r, exteri\u00e9r) a barevnou st\u00e1lost.<\/strong><\/p>\n","protected":false},"excerpt":{"rendered":"<p><span style=\"font-size: 12pt; color: #0000ff;\"><strong>SAMOLEPIC\u00cd ETIKETA<\/strong><\/span><\/p>\n<p><span><strong><span style=\"font-size: 12pt; color: #0000ff;\"><strong>3925<\/strong><\/span><br \/><\/strong><\/span><\/p>\n","protected":false},"featured_media":473,"template":"","meta":[],"product_brand":[],"product_cat":[32,20],"product_tag":[251],"class_list":{"0":"post-474","1":"product","2":"type-product","3":"status-publish","4":"has-post-thumbnail","6":"product_cat-prikazove-lezate-samolep","7":"product_cat-prikazove","8":"product_tag-251","9":"pa_rozmeryetiketlezate-44-26x74mm","10":"pa_rozmeryetiketlezate-10-37x105mm","11":"pa_rozmeryetiketlezate-19-52x148mm","12":"pa_rozmeryetiketlezate-c7-74x210mm","14":"first","15":"instock","16":"taxable","17":"shipping-taxable","18":"purchasable","19":"product-type-variable","20":"has-default-attributes"},"_links":{"self":[{"href":"https:\/\/www.cupropk.com\/elektro\/wp-json\/wp\/v2\/product\/474","targetHints":{"allow":["GET"]}}],"collection":[{"href":"https:\/\/www.cupropk.com\/elektro\/wp-json\/wp\/v2\/product"}],"about":[{"href":"https:\/\/www.cupropk.com\/elektro\/wp-json\/wp\/v2\/types\/product"}],"wp:featuredmedia":[{"embeddable":true,"href":"https:\/\/www.cupropk.com\/elektro\/wp-json\/wp\/v2\/media\/473"}],"wp:attachment":[{"href":"https:\/\/www.cupropk.com\/elektro\/wp-json\/wp\/v2\/media?parent=474"}],"wp:term":[{"taxonomy":"product_brand","embeddable":true,"href":"https:\/\/www.cupropk.com\/elektro\/wp-json\/wp\/v2\/product_brand?post=474"},{"taxonomy":"product_cat","embeddable":true,"href":"https:\/\/www.cupropk.com\/elektro\/wp-json\/wp\/v2\/product_cat?post=474"},{"taxonomy":"product_tag","embeddable":true,"href":"https:\/\/www.cupropk.com\/elektro\/wp-json\/wp\/v2\/product_tag?post=474"}],"curies":[{"name":"wp","href":"https:\/\/api.w.org\/{rel}","templated":true}]}}