{"id":508,"date":"2013-07-31T14:49:46","date_gmt":"2013-07-31T08:49:46","guid":{"rendered":"http:\/\/www.cupropk.com\/elektro\/product\/zarizeni-smi-obsluhovat-jen-povereny-pracovnik-2\/"},"modified":"2023-03-06T16:29:34","modified_gmt":"2023-03-06T15:29:34","slug":"zarizeni-smi-obsluhovat-jen-povereny-pracovnik-2","status":"publish","type":"product","link":"https:\/\/www.cupropk.com\/elektro\/produkt\/zarizeni-smi-obsluhovat-jen-povereny-pracovnik-2\/","title":{"rendered":"ZA\u0158\u00cdZEN\u00cd SM\u00cd OBSLUHOVAT JEN POV\u011a\u0158EN\u00dd PRACOVN\u00cdK"},"content":{"rendered":"<p><strong>Samolepic\u00ed etiketa &#8222;ZA\u0158\u00cdZEN\u00cd SM\u00cd OBSLUHOVAT JEN POV\u011a\u0158EN\u00dd PRACOVN\u00cdK&#8220;.<\/strong><\/p>\n<p><strong>Etiketa je vyti\u0161t\u011bna technologi\u00ed s\u00edtotisku, kter\u00e1 zaru\u010duje produktu maxim\u00e1ln\u00ed trvanlivost (interi\u00e9r, exteri\u00e9r) a barevnou st\u00e1lost.<\/strong><\/p>\n","protected":false},"excerpt":{"rendered":"<p><span style=\"font-size: 12pt; color: #0000ff;\"><strong>SAMOLEPIC\u00cd ETIKETA<\/strong><\/span><\/p>\n<p><span><strong><span style=\"font-size: 12pt; color: #0000ff;\"><strong>2 3907<\/strong><\/span><br \/><\/strong><\/span><\/p>\n","protected":false},"featured_media":507,"template":"","meta":[],"product_brand":[],"product_cat":[20,31],"product_tag":[264,263],"class_list":{"0":"post-508","1":"product","2":"type-product","3":"status-publish","4":"has-post-thumbnail","6":"product_cat-prikazove","7":"product_cat-prikazove-stojate-samolep","8":"product_tag-2-3907","9":"product_tag-263","10":"pa_rozmeryetiketstojate-57-148x105mm","12":"first","13":"instock","14":"taxable","15":"shipping-taxable","16":"purchasable","17":"product-type-variable","18":"has-default-attributes"},"_links":{"self":[{"href":"https:\/\/www.cupropk.com\/elektro\/wp-json\/wp\/v2\/product\/508","targetHints":{"allow":["GET"]}}],"collection":[{"href":"https:\/\/www.cupropk.com\/elektro\/wp-json\/wp\/v2\/product"}],"about":[{"href":"https:\/\/www.cupropk.com\/elektro\/wp-json\/wp\/v2\/types\/product"}],"wp:featuredmedia":[{"embeddable":true,"href":"https:\/\/www.cupropk.com\/elektro\/wp-json\/wp\/v2\/media\/507"}],"wp:attachment":[{"href":"https:\/\/www.cupropk.com\/elektro\/wp-json\/wp\/v2\/media?parent=508"}],"wp:term":[{"taxonomy":"product_brand","embeddable":true,"href":"https:\/\/www.cupropk.com\/elektro\/wp-json\/wp\/v2\/product_brand?post=508"},{"taxonomy":"product_cat","embeddable":true,"href":"https:\/\/www.cupropk.com\/elektro\/wp-json\/wp\/v2\/product_cat?post=508"},{"taxonomy":"product_tag","embeddable":true,"href":"https:\/\/www.cupropk.com\/elektro\/wp-json\/wp\/v2\/product_tag?post=508"}],"curies":[{"name":"wp","href":"https:\/\/api.w.org\/{rel}","templated":true}]}}