{"id":519,"date":"2013-07-31T15:00:56","date_gmt":"2013-07-31T09:00:56","guid":{"rendered":"http:\/\/www.cupropk.com\/elektro\/product\/pred-odchodem-vypni-proud-2\/"},"modified":"2023-03-06T16:29:19","modified_gmt":"2023-03-06T15:29:19","slug":"pred-odchodem-vypni-proud-2","status":"publish","type":"product","link":"https:\/\/www.cupropk.com\/elektro\/produkt\/pred-odchodem-vypni-proud-2\/","title":{"rendered":"P\u0158ED ODCHODEM VYPNI PROUD"},"content":{"rendered":"<p><strong>Samolepic\u00ed etiketa &#8222;P\u0158ED ODCHODEM VYPNI PROUD&#8220;.<\/strong><\/p>\n<p><strong>Etiketa je vyti\u0161t\u011bna technologi\u00ed s\u00edtotisku, kter\u00e1 zaru\u010duje produktu maxim\u00e1ln\u00ed trvanlivost (interi\u00e9r, exteri\u00e9r) a barevnou st\u00e1lost.<\/strong><\/p>\n","protected":false},"excerpt":{"rendered":"<p><span style=\"font-size: 12pt; color: #0000ff;\"><strong>SAMOLEPIC\u00cd ETIKETA<\/strong><\/span><\/p>\n<p><span><strong><span style=\"font-size: 12pt; color: #0000ff;\"><strong>2 3925<\/strong><\/span><br \/><\/strong><\/span><\/p>\n","protected":false},"featured_media":518,"template":"","meta":[],"product_brand":[],"product_cat":[20,31],"product_tag":[268,267],"class_list":{"0":"post-519","1":"product","2":"type-product","3":"status-publish","4":"has-post-thumbnail","6":"product_cat-prikazove","7":"product_cat-prikazove-stojate-samolep","8":"product_tag-2-3925","9":"product_tag-267","10":"pa_rozmeryetiketstojate-57-148x105mm","12":"first","13":"instock","14":"taxable","15":"shipping-taxable","16":"purchasable","17":"product-type-variable","18":"has-default-attributes"},"_links":{"self":[{"href":"https:\/\/www.cupropk.com\/elektro\/wp-json\/wp\/v2\/product\/519","targetHints":{"allow":["GET"]}}],"collection":[{"href":"https:\/\/www.cupropk.com\/elektro\/wp-json\/wp\/v2\/product"}],"about":[{"href":"https:\/\/www.cupropk.com\/elektro\/wp-json\/wp\/v2\/types\/product"}],"wp:featuredmedia":[{"embeddable":true,"href":"https:\/\/www.cupropk.com\/elektro\/wp-json\/wp\/v2\/media\/518"}],"wp:attachment":[{"href":"https:\/\/www.cupropk.com\/elektro\/wp-json\/wp\/v2\/media?parent=519"}],"wp:term":[{"taxonomy":"product_brand","embeddable":true,"href":"https:\/\/www.cupropk.com\/elektro\/wp-json\/wp\/v2\/product_brand?post=519"},{"taxonomy":"product_cat","embeddable":true,"href":"https:\/\/www.cupropk.com\/elektro\/wp-json\/wp\/v2\/product_cat?post=519"},{"taxonomy":"product_tag","embeddable":true,"href":"https:\/\/www.cupropk.com\/elektro\/wp-json\/wp\/v2\/product_tag?post=519"}],"curies":[{"name":"wp","href":"https:\/\/api.w.org\/{rel}","templated":true}]}}