{"id":522,"date":"2013-07-31T15:03:27","date_gmt":"2013-07-31T09:03:27","guid":{"rendered":"http:\/\/www.cupropk.com\/elektro\/product\/v-nebezpeci-stiskni-tlacitko-2\/"},"modified":"2023-03-06T16:29:19","modified_gmt":"2023-03-06T15:29:19","slug":"v-nebezpeci-stiskni-tlacitko-2","status":"publish","type":"product","link":"https:\/\/www.cupropk.com\/elektro\/produkt\/v-nebezpeci-stiskni-tlacitko-2\/","title":{"rendered":"V NEBEZPE\u010c\u00cd STISKNI TLA\u010c\u00cdTKO"},"content":{"rendered":"<p><strong>Samolepic\u00ed etiketa &#8222;V NEBEZPE\u010c\u00cd STISKNI TLA\u010c\u00cdTKO&#8220;.<\/strong><\/p>\n<p><strong>Etiketa je vyti\u0161t\u011bna technologi\u00ed s\u00edtotisku, kter\u00e1 zaru\u010duje produktu maxim\u00e1ln\u00ed trvanlivost (interi\u00e9r, exteri\u00e9r) a barevnou st\u00e1lost.<\/strong><\/p>\n","protected":false},"excerpt":{"rendered":"<p><span style=\"font-size: 12pt; color: #0000ff;\"><strong>SAMOLEPIC\u00cd ETIKETA<\/strong><\/span><\/p>\n<p><span><strong><span style=\"font-size: 12pt; color: #0000ff;\"><strong>2 3929<\/strong><\/span><br \/><\/strong><\/span><\/p>\n","protected":false},"featured_media":521,"template":"","meta":[],"product_brand":[],"product_cat":[20,31],"product_tag":[270,269],"class_list":{"0":"post-522","1":"product","2":"type-product","3":"status-publish","4":"has-post-thumbnail","6":"product_cat-prikazove","7":"product_cat-prikazove-stojate-samolep","8":"product_tag-2-3929","9":"product_tag-269","10":"pa_rozmeryetiketstojate-18-105x74mm","11":"pa_rozmeryetiketstojate-d3-74x52mm","13":"first","14":"instock","15":"taxable","16":"shipping-taxable","17":"purchasable","18":"product-type-variable","19":"has-default-attributes"},"_links":{"self":[{"href":"https:\/\/www.cupropk.com\/elektro\/wp-json\/wp\/v2\/product\/522","targetHints":{"allow":["GET"]}}],"collection":[{"href":"https:\/\/www.cupropk.com\/elektro\/wp-json\/wp\/v2\/product"}],"about":[{"href":"https:\/\/www.cupropk.com\/elektro\/wp-json\/wp\/v2\/types\/product"}],"wp:featuredmedia":[{"embeddable":true,"href":"https:\/\/www.cupropk.com\/elektro\/wp-json\/wp\/v2\/media\/521"}],"wp:attachment":[{"href":"https:\/\/www.cupropk.com\/elektro\/wp-json\/wp\/v2\/media?parent=522"}],"wp:term":[{"taxonomy":"product_brand","embeddable":true,"href":"https:\/\/www.cupropk.com\/elektro\/wp-json\/wp\/v2\/product_brand?post=522"},{"taxonomy":"product_cat","embeddable":true,"href":"https:\/\/www.cupropk.com\/elektro\/wp-json\/wp\/v2\/product_cat?post=522"},{"taxonomy":"product_tag","embeddable":true,"href":"https:\/\/www.cupropk.com\/elektro\/wp-json\/wp\/v2\/product_tag?post=522"}],"curies":[{"name":"wp","href":"https:\/\/api.w.org\/{rel}","templated":true}]}}