{"id":537,"date":"2013-07-31T15:19:54","date_gmt":"2013-07-31T09:19:54","guid":{"rendered":"http:\/\/www.cupropk.com\/elektro\/product\/napeti-12v-3\/"},"modified":"2025-12-04T12:58:16","modified_gmt":"2025-12-04T11:58:16","slug":"napeti-12v-3","status":"publish","type":"product","link":"https:\/\/www.cupropk.com\/elektro\/produkt\/napeti-12v-3\/","title":{"rendered":"HLAVN\u00cd VYP\u00cdNA\u010c"},"content":{"rendered":"<p><strong>Samolepic\u00ed etiketa &#8222;HLAVN\u00cd VYP\u00cdNA\u010c&#8220;.<\/strong><\/p>\n<p><strong>Etiketa je vyti\u0161t\u011bna technologi\u00ed s\u00edtotisku, kter\u00e1 zaru\u010duje produktu maxim\u00e1ln\u00ed trvanlivost (interi\u00e9r, exteri\u00e9r) a barevnou st\u00e1lost.<\/strong><\/p>\n","protected":false},"excerpt":{"rendered":"<p><span style=\"font-size: 12pt; color: #0000ff;\"><strong>SAMOLEPIC\u00cd ETIKETA<\/strong><\/span><\/p>\n<p><span><strong><span style=\"font-size: 12pt; color: #0000ff;\"><strong>6131<\/strong><\/span><br \/><\/strong><\/span><\/p>\n","protected":false},"featured_media":536,"template":"","meta":[],"product_brand":[],"product_cat":[21,29],"product_tag":[275],"class_list":{"0":"post-537","1":"product","2":"type-product","3":"status-publish","4":"has-post-thumbnail","6":"product_cat-informacni","7":"product_cat-informacni-lezate-samolep","8":"product_tag-275","9":"pa_rozmeryetiketlezate-33-105x297mm","10":"pa_rozmeryetiketlezate-44-26x74mm","11":"pa_rozmeryetiketlezate-10-37x105mm","12":"pa_rozmeryetiketlezate-19-52x148mm","13":"pa_rozmeryetiketlezate-c7-74x210mm","15":"first","16":"instock","17":"taxable","18":"shipping-taxable","19":"purchasable","20":"product-type-variable","21":"has-default-attributes"},"_links":{"self":[{"href":"https:\/\/www.cupropk.com\/elektro\/wp-json\/wp\/v2\/product\/537","targetHints":{"allow":["GET"]}}],"collection":[{"href":"https:\/\/www.cupropk.com\/elektro\/wp-json\/wp\/v2\/product"}],"about":[{"href":"https:\/\/www.cupropk.com\/elektro\/wp-json\/wp\/v2\/types\/product"}],"wp:featuredmedia":[{"embeddable":true,"href":"https:\/\/www.cupropk.com\/elektro\/wp-json\/wp\/v2\/media\/536"}],"wp:attachment":[{"href":"https:\/\/www.cupropk.com\/elektro\/wp-json\/wp\/v2\/media?parent=537"}],"wp:term":[{"taxonomy":"product_brand","embeddable":true,"href":"https:\/\/www.cupropk.com\/elektro\/wp-json\/wp\/v2\/product_brand?post=537"},{"taxonomy":"product_cat","embeddable":true,"href":"https:\/\/www.cupropk.com\/elektro\/wp-json\/wp\/v2\/product_cat?post=537"},{"taxonomy":"product_tag","embeddable":true,"href":"https:\/\/www.cupropk.com\/elektro\/wp-json\/wp\/v2\/product_tag?post=537"}],"curies":[{"name":"wp","href":"https:\/\/api.w.org\/{rel}","templated":true}]}}