{"id":617,"date":"2013-08-01T12:14:14","date_gmt":"2013-08-01T06:14:14","guid":{"rendered":"http:\/\/www.cupropk.com\/elektro\/product\/vystraha-zivotu-nebezpecno-priblizovat-se-zarizeni-smi-obsluhovat-jen-povereny-pracovnik\/"},"modified":"2023-03-06T16:27:48","modified_gmt":"2023-03-06T15:27:48","slug":"vystraha-zivotu-nebezpecno-priblizovat-se-zarizeni-smi-obsluhovat-jen-povereny-pracovnik","status":"publish","type":"product","link":"https:\/\/www.cupropk.com\/elektro\/produkt\/vystraha-zivotu-nebezpecno-priblizovat-se-zarizeni-smi-obsluhovat-jen-povereny-pracovnik\/","title":{"rendered":"V\u00ddSTRAHA \u017dIVOTU NEBEZPE\u010cNO P\u0158IBLI\u017dOVAT SE&#8230;\/ ZA\u0158\u00cdZEN\u00cd SM\u00cd OBSLUHOVAT JEN POV\u011a\u0158EN\u00dd PRACOVN\u00cdK"},"content":{"rendered":"<p><strong>Sdru\u017eenou tabulku <\/strong><\/p>\n<p><span style=\"color: #ff0000;\"><strong>V\u00ddSTRAHA \u017dIVOTU NEBEZPE\u010cNO P\u0158IBLI\u017dOVAT SE K ELEKTRICK\u00ddM ZA\u0158\u00cdZEN\u00cdM !<br \/>ZA\u0158\u00cdZEN\u00cd SM\u00cd OBSLUHOVAT JEN POV\u011a\u0158EN\u00dd PRACOVN\u00cdK<br \/><\/strong><\/span><\/p>\n<p><strong>nab\u00edz\u00edme ve dvoj\u00edm provedeni<\/strong><\/p>\n<ul>\n<li><strong>samolepic\u00ed etiketu<\/strong><\/li>\n<li><strong>plastovou tabulku<\/strong><\/li>\n<\/ul>\n<p>\u00a0<\/p>\n<p><strong>Etiketa je vyti\u0161t\u011bna technologi\u00ed s\u00edtotisku, kter\u00e1 zaru\u010duje produktu maxim\u00e1ln\u00ed trvanlivost (interi\u00e9r, exteri\u00e9r) a barevnou st\u00e1lost. <strong><span style=\"color: #3366ff;\">Na p\u0159\u00e1n\u00ed m\u016f\u017eeme dodat plastovou tabulku opat\u0159enou samolepic\u00ed vrstvou ze zadn\u00ed strany.<\/span><\/strong><\/strong><\/p>\n","protected":false},"excerpt":{"rendered":"<p><span style=\"font-size: 12pt; color: #0000ff;\"><strong>SAMOLEPIC\u00cd ETIKETA<\/strong><\/span><\/p>\n<p><span style=\"font-size: 12pt; color: #0000ff;\"><strong>PLASTOV\u00c1 TABULKA<br \/><\/strong><\/span><\/p>\n<p><span><strong><span style=\"font-size: 12pt; color: #0000ff;\"><strong>8103D<\/strong><\/span><br \/><\/strong><\/span><\/p>\n","protected":false},"featured_media":616,"template":"","meta":[],"product_brand":[],"product_cat":[22],"product_tag":[301,302],"class_list":{"0":"post-617","1":"product","2":"type-product","3":"status-publish","4":"has-post-thumbnail","6":"product_cat-sdruzene","7":"product_tag-8103d","8":"product_tag-8103d-p","9":"pa_sdruzenetabulky-28-plastova148x210mm","10":"pa_sdruzenetabulky-42-samolepici148x210mm","12":"first","13":"instock","14":"taxable","15":"shipping-taxable","16":"purchasable","17":"product-type-variable","18":"has-default-attributes"},"_links":{"self":[{"href":"https:\/\/www.cupropk.com\/elektro\/wp-json\/wp\/v2\/product\/617","targetHints":{"allow":["GET"]}}],"collection":[{"href":"https:\/\/www.cupropk.com\/elektro\/wp-json\/wp\/v2\/product"}],"about":[{"href":"https:\/\/www.cupropk.com\/elektro\/wp-json\/wp\/v2\/types\/product"}],"wp:featuredmedia":[{"embeddable":true,"href":"https:\/\/www.cupropk.com\/elektro\/wp-json\/wp\/v2\/media\/616"}],"wp:attachment":[{"href":"https:\/\/www.cupropk.com\/elektro\/wp-json\/wp\/v2\/media?parent=617"}],"wp:term":[{"taxonomy":"product_brand","embeddable":true,"href":"https:\/\/www.cupropk.com\/elektro\/wp-json\/wp\/v2\/product_brand?post=617"},{"taxonomy":"product_cat","embeddable":true,"href":"https:\/\/www.cupropk.com\/elektro\/wp-json\/wp\/v2\/product_cat?post=617"},{"taxonomy":"product_tag","embeddable":true,"href":"https:\/\/www.cupropk.com\/elektro\/wp-json\/wp\/v2\/product_tag?post=617"}],"curies":[{"name":"wp","href":"https:\/\/api.w.org\/{rel}","templated":true}]}}