{"id":637,"date":"2013-08-01T12:22:23","date_gmt":"2013-08-01T06:22:23","guid":{"rendered":"http:\/\/www.cupropk.com\/elektro\/product\/zakaz-koureni-a-vstupu-s-plamenem-zde-nejez-nekur-ani-nepij\/"},"modified":"2023-03-06T16:27:28","modified_gmt":"2023-03-06T15:27:28","slug":"zakaz-koureni-a-vstupu-s-plamenem-zde-nejez-nekur-ani-nepij","status":"publish","type":"product","link":"https:\/\/www.cupropk.com\/elektro\/produkt\/zakaz-koureni-a-vstupu-s-plamenem-zde-nejez-nekur-ani-nepij\/","title":{"rendered":"Z\u00c1KAZ KOU\u0158EN\u00cd A VSTUPU S PLAMENEM \/ ZDE NEJEZ, NEKU\u0158 ANI NEPIJ"},"content":{"rendered":"<p><strong>Sdru\u017eenou tabulku <\/strong><\/p>\n<p><span style=\"color: #ff0000;\"><strong>Z\u00c1KAZ KOU\u0158EN\u00cd A VSTUPU S PLAMENEM<br \/>ZDE NEJEZ, NEKU\u0158 ANI NEPIJ<br \/><\/strong><\/span><\/p>\n<p><strong>nab\u00edz\u00edme ve dvoj\u00edm provedeni<\/strong><\/p>\n<ul>\n<li><strong>samolepic\u00ed etiketu<\/strong><\/li>\n<li><strong>plastovou tabulku<\/strong><\/li>\n<\/ul>\n<p>\u00a0<\/p>\n<p><strong>Etiketa je vyti\u0161t\u011bna technologi\u00ed s\u00edtotisku, kter\u00e1 zaru\u010duje produktu maxim\u00e1ln\u00ed trvanlivost (interi\u00e9r, exteri\u00e9r) a barevnou st\u00e1lost. <strong><span style=\"color: #3366ff;\">Na p\u0159\u00e1n\u00ed m\u016f\u017eeme dodat plastovou tabulku opat\u0159enou samolepic\u00ed vrstvou ze zadn\u00ed strany.<\/span><\/strong><\/strong><\/p>\n","protected":false},"excerpt":{"rendered":"<p><span style=\"font-size: 12pt; color: #0000ff;\"><strong>SAMOLEPIC\u00cd ETIKETA<\/strong><\/span><\/p>\n<p><span style=\"font-size: 12pt; color: #0000ff;\"><strong>PLASTOV\u00c1 TABULKA<br \/><\/strong><\/span><\/p>\n<p><span><strong><span style=\"font-size: 12pt; color: #0000ff;\"><strong>8108D<\/strong><\/span><br \/><\/strong><\/span><\/p>\n","protected":false},"featured_media":636,"template":"","meta":[],"product_brand":[],"product_cat":[22],"product_tag":[311,312],"class_list":{"0":"post-637","1":"product","2":"type-product","3":"status-publish","4":"has-post-thumbnail","6":"product_cat-sdruzene","7":"product_tag-8108d","8":"product_tag-8108d-p","9":"pa_sdruzenetabulky-28-plastova148x210mm","10":"pa_sdruzenetabulky-42-samolepici148x210mm","12":"first","13":"instock","14":"taxable","15":"shipping-taxable","16":"purchasable","17":"product-type-variable","18":"has-default-attributes"},"_links":{"self":[{"href":"https:\/\/www.cupropk.com\/elektro\/wp-json\/wp\/v2\/product\/637","targetHints":{"allow":["GET"]}}],"collection":[{"href":"https:\/\/www.cupropk.com\/elektro\/wp-json\/wp\/v2\/product"}],"about":[{"href":"https:\/\/www.cupropk.com\/elektro\/wp-json\/wp\/v2\/types\/product"}],"wp:featuredmedia":[{"embeddable":true,"href":"https:\/\/www.cupropk.com\/elektro\/wp-json\/wp\/v2\/media\/636"}],"wp:attachment":[{"href":"https:\/\/www.cupropk.com\/elektro\/wp-json\/wp\/v2\/media?parent=637"}],"wp:term":[{"taxonomy":"product_brand","embeddable":true,"href":"https:\/\/www.cupropk.com\/elektro\/wp-json\/wp\/v2\/product_brand?post=637"},{"taxonomy":"product_cat","embeddable":true,"href":"https:\/\/www.cupropk.com\/elektro\/wp-json\/wp\/v2\/product_cat?post=637"},{"taxonomy":"product_tag","embeddable":true,"href":"https:\/\/www.cupropk.com\/elektro\/wp-json\/wp\/v2\/product_tag?post=637"}],"curies":[{"name":"wp","href":"https:\/\/api.w.org\/{rel}","templated":true}]}}