{"id":72,"date":"2013-04-05T00:11:32","date_gmt":"2013-04-04T18:11:32","guid":{"rendered":"http:\/\/www.cupropk.com\/elektro\/product\/pozor-elektricke-zarizeni\/"},"modified":"2025-11-28T09:04:09","modified_gmt":"2025-11-28T08:04:09","slug":"pozor-elektricke-zarizeni","status":"publish","type":"product","link":"https:\/\/www.cupropk.com\/elektro\/produkt\/pozor-elektricke-zarizeni\/","title":{"rendered":"POZOR ELEKTRICK\u00c9 ZA\u0158\u00cdZEN\u00cd!"},"content":{"rendered":"<p><strong>Samolepic\u00ed etiketa &#8222;POZOR ELEKTRICK\u00c9 ZA\u0158\u00cdZEN\u00cd!&#8220;.<\/strong><\/p>\n<p><strong>Etiketa je vyti\u0161t\u011bna technologi\u00ed s\u00edtotisku, kter\u00e1 zaru\u010duje produktu maxim\u00e1ln\u00ed trvanlivost (interi\u00e9r, exteri\u00e9r) a barevnou st\u00e1lost.<\/strong><\/p>\n","protected":false},"excerpt":{"rendered":"<p><span style=\"font-size: 12pt; color: #0000ff;\"><strong>SAMOLEPIC\u00cd ETIKETA<\/strong><\/span><\/p>\n<p><span><strong><span style=\"font-size: 12pt; color: #0000ff;\"><strong>0101<\/strong><\/span><br \/><\/strong><\/span><\/p>\n","protected":false},"featured_media":71,"template":"","meta":[],"product_brand":[],"product_cat":[36,24],"product_tag":[142,143],"class_list":{"0":"post-72","1":"product","2":"type-product","3":"status-publish","4":"has-post-thumbnail","6":"product_cat-lezate-samolep","7":"product_cat-vystrazne","8":"product_tag-142","9":"product_tag-pozor-elektricke-zarizeni","10":"pa_rozmeryetiketlezate-33-105x297mm","11":"pa_rozmeryetiketlezate-44-26x74mm","12":"pa_rozmeryetiketlezate-10-37x105mm","13":"pa_rozmeryetiketlezate-19-52x148mm","14":"pa_rozmeryetiketlezate-c7-74x210mm","16":"first","17":"instock","18":"taxable","19":"shipping-taxable","20":"purchasable","21":"product-type-variable","22":"has-default-attributes"},"_links":{"self":[{"href":"https:\/\/www.cupropk.com\/elektro\/wp-json\/wp\/v2\/product\/72","targetHints":{"allow":["GET"]}}],"collection":[{"href":"https:\/\/www.cupropk.com\/elektro\/wp-json\/wp\/v2\/product"}],"about":[{"href":"https:\/\/www.cupropk.com\/elektro\/wp-json\/wp\/v2\/types\/product"}],"wp:featuredmedia":[{"embeddable":true,"href":"https:\/\/www.cupropk.com\/elektro\/wp-json\/wp\/v2\/media\/71"}],"wp:attachment":[{"href":"https:\/\/www.cupropk.com\/elektro\/wp-json\/wp\/v2\/media?parent=72"}],"wp:term":[{"taxonomy":"product_brand","embeddable":true,"href":"https:\/\/www.cupropk.com\/elektro\/wp-json\/wp\/v2\/product_brand?post=72"},{"taxonomy":"product_cat","embeddable":true,"href":"https:\/\/www.cupropk.com\/elektro\/wp-json\/wp\/v2\/product_cat?post=72"},{"taxonomy":"product_tag","embeddable":true,"href":"https:\/\/www.cupropk.com\/elektro\/wp-json\/wp\/v2\/product_tag?post=72"}],"curies":[{"name":"wp","href":"https:\/\/api.w.org\/{rel}","templated":true}]}}