{"id":834,"date":"2013-08-02T11:24:35","date_gmt":"2013-08-02T05:24:35","guid":{"rendered":"http:\/\/www.cupropk.com\/elektro\/product\/unikovy-vychod-sipka-dolu\/"},"modified":"2023-03-06T16:24:46","modified_gmt":"2023-03-06T15:24:46","slug":"unikovy-vychod-sipka-dolu","status":"publish","type":"product","link":"https:\/\/www.cupropk.com\/elektro\/produkt\/unikovy-vychod-sipka-dolu\/","title":{"rendered":"\u00danikov\u00fd v\u00fdchod (\u0161ipka dol\u016f)"},"content":{"rendered":"<p><strong>Samolepic\u00ed etiketa je vyti\u0161t\u011bna technologi\u00ed s\u00edtotisku, kter\u00e1 zaru\u010duje produktu maxim\u00e1ln\u00ed trvanlivost (interi\u00e9r, exteri\u00e9r) a barevnou st\u00e1lost.<\/strong><\/p>\n","protected":false},"excerpt":{"rendered":"<p><span style=\"font-size: 12pt; color: #0000ff;\"><strong>FOTOLUMINISCEN\u010cN\u00cd SAMOLEPIC\u00cd ETIKETA<br \/><\/strong><\/span><\/p>\n","protected":false},"featured_media":833,"template":"","meta":[],"product_brand":[],"product_cat":[25],"product_tag":[368],"class_list":{"0":"post-834","1":"product","2":"type-product","3":"status-publish","4":"has-post-thumbnail","6":"product_cat-fotolumini","7":"product_tag-f03a","8":"pa_fotoluminiscentni-42-210x105mm","9":"pa_fotoluminiscentni-e7-300x150mm","11":"first","12":"instock","13":"taxable","14":"shipping-taxable","15":"purchasable","16":"product-type-variable","17":"has-default-attributes"},"_links":{"self":[{"href":"https:\/\/www.cupropk.com\/elektro\/wp-json\/wp\/v2\/product\/834","targetHints":{"allow":["GET"]}}],"collection":[{"href":"https:\/\/www.cupropk.com\/elektro\/wp-json\/wp\/v2\/product"}],"about":[{"href":"https:\/\/www.cupropk.com\/elektro\/wp-json\/wp\/v2\/types\/product"}],"wp:featuredmedia":[{"embeddable":true,"href":"https:\/\/www.cupropk.com\/elektro\/wp-json\/wp\/v2\/media\/833"}],"wp:attachment":[{"href":"https:\/\/www.cupropk.com\/elektro\/wp-json\/wp\/v2\/media?parent=834"}],"wp:term":[{"taxonomy":"product_brand","embeddable":true,"href":"https:\/\/www.cupropk.com\/elektro\/wp-json\/wp\/v2\/product_brand?post=834"},{"taxonomy":"product_cat","embeddable":true,"href":"https:\/\/www.cupropk.com\/elektro\/wp-json\/wp\/v2\/product_cat?post=834"},{"taxonomy":"product_tag","embeddable":true,"href":"https:\/\/www.cupropk.com\/elektro\/wp-json\/wp\/v2\/product_tag?post=834"}],"curies":[{"name":"wp","href":"https:\/\/api.w.org\/{rel}","templated":true}]}}