{"id":922,"date":"2013-08-02T13:35:21","date_gmt":"2013-08-02T07:35:21","guid":{"rendered":"http:\/\/www.cupropk.com\/elektro\/product\/fotoluminiscentni-pasek-3\/"},"modified":"2023-03-06T16:23:29","modified_gmt":"2023-03-06T15:23:29","slug":"fotoluminiscentni-pasek-3","status":"publish","type":"product","link":"https:\/\/www.cupropk.com\/elektro\/produkt\/fotoluminiscentni-pasek-3\/","title":{"rendered":"FOTOLUMINISCENTN\u00cd P\u00c1SEK"},"content":{"rendered":"<p><strong>Samolepic\u00ed etiketa je vyti\u0161t\u011bna technologi\u00ed s\u00edtotisku, kter\u00e1 zaru\u010duje produktu maxim\u00e1ln\u00ed trvanlivost (interi\u00e9r, exteri\u00e9r) a barevnou st\u00e1lost.<\/strong><\/p>\n","protected":false},"excerpt":{"rendered":"<p><span style=\"font-size: 12pt; color: #0000ff;\"><strong>FOTOLUMINISCEN\u010cN\u00cd SAMOLEPIC\u00cd ETIKETA<br \/>\n<\/strong><\/span><\/p>\n","protected":false},"featured_media":921,"template":"","meta":[],"product_brand":[],"product_cat":[25],"product_tag":[391],"class_list":{"0":"post-922","1":"product","2":"type-product","3":"status-publish","4":"has-post-thumbnail","6":"product_cat-fotolumini","7":"product_tag-f26","8":"pa_fotoluminiscentni-d5-60x1000mm","9":"pa_fotoluminiscentni-2f-60x500mm","11":"first","12":"instock","13":"taxable","14":"shipping-taxable","15":"purchasable","16":"product-type-variable","17":"has-default-attributes"},"_links":{"self":[{"href":"https:\/\/www.cupropk.com\/elektro\/wp-json\/wp\/v2\/product\/922","targetHints":{"allow":["GET"]}}],"collection":[{"href":"https:\/\/www.cupropk.com\/elektro\/wp-json\/wp\/v2\/product"}],"about":[{"href":"https:\/\/www.cupropk.com\/elektro\/wp-json\/wp\/v2\/types\/product"}],"wp:featuredmedia":[{"embeddable":true,"href":"https:\/\/www.cupropk.com\/elektro\/wp-json\/wp\/v2\/media\/921"}],"wp:attachment":[{"href":"https:\/\/www.cupropk.com\/elektro\/wp-json\/wp\/v2\/media?parent=922"}],"wp:term":[{"taxonomy":"product_brand","embeddable":true,"href":"https:\/\/www.cupropk.com\/elektro\/wp-json\/wp\/v2\/product_brand?post=922"},{"taxonomy":"product_cat","embeddable":true,"href":"https:\/\/www.cupropk.com\/elektro\/wp-json\/wp\/v2\/product_cat?post=922"},{"taxonomy":"product_tag","embeddable":true,"href":"https:\/\/www.cupropk.com\/elektro\/wp-json\/wp\/v2\/product_tag?post=922"}],"curies":[{"name":"wp","href":"https:\/\/api.w.org\/{rel}","templated":true}]}}